{"id":622,"date":"2023-03-12T17:15:37","date_gmt":"2023-03-12T17:15:37","guid":{"rendered":"https:\/\/demo.themedraft.net\/wp\/labtory\/?page_id=622"},"modified":"2025-10-30T14:13:32","modified_gmt":"2025-10-30T14:13:32","slug":"contact","status":"publish","type":"page","link":"https:\/\/amarintech.com\/es\/contact\/","title":{"rendered":"Contacto"},"content":{"rendered":"<div data-elementor-type=\"wp-page\" data-elementor-id=\"622\" class=\"elementor elementor-622\">\n\t\t\t\t\t\t<section class=\"elementor-section elementor-top-section elementor-element elementor-element-4178489 elementor-section-stretched elementor-section-boxed elementor-section-height-default elementor-section-height-default\" data-id=\"4178489\" data-element_type=\"section\" data-e-type=\"section\" data-settings=\"{&quot;stretch_section&quot;:&quot;section-stretched&quot;}\">\n\t\t\t\t\t\t<div class=\"elementor-container elementor-column-gap-default\">\n\t\t\t\t\t<div class=\"elementor-column elementor-col-100 elementor-top-column elementor-element elementor-element-239a321b\" data-id=\"239a321b\" data-element_type=\"column\" data-e-type=\"column\">\n\t\t\t<div class=\"elementor-widget-wrap elementor-element-populated\">\n\t\t\t\t\t\t<div class=\"elementor-element elementor-element-12d0e570 elementor-widget elementor-widget-themedraft_contact_details_box\" data-id=\"12d0e570\" data-element_type=\"widget\" data-e-type=\"widget\" data-widget_type=\"themedraft_contact_details_box.default\">\n\t\t\t\t<div class=\"elementor-widget-container\">\n\t\t\t\t\t\n\t\t<div class=\"contact-details\">\n            <div class=\"row\">\n                                        <div class=\"col-xl-4 col-lg-6 col-md-6\">\n                            <div class=\"td-contact-details-box\">\n                                <div class=\"td-contact-details-box-icon\">\n                                    <div class=\"td-contact-details-icon\">\n                                        \n                                            <i aria-hidden=\"true\" class=\"td-icon flaticon-email-1\"><\/i>\n                                                                            <\/div>\n                                <\/div>\n                                <h4 class=\"td-contact-box-title td-transition\">Contacto:<\/h4>\n\n                                <p><a class=\"notion-link-token notion-focusable-token notion-enable-hover\" tabindex=\"0\" href=\"mailto:info@amarintech.com.ar\" rel=\"noopener noreferrer\" data-token-index=\"0\"><span class=\"link-annotation-unknown-block-id-1039530122\">info@amarintech.com.ar<\/span><\/a><\/p>                            <\/div>\n                        <\/div>\n                                            <div class=\"col-xl-4 col-lg-6 col-md-6\">\n                            <div class=\"td-contact-details-box\">\n                                <div class=\"td-contact-details-box-icon\">\n                                    <div class=\"td-contact-details-icon\">\n                                        \n                                            <i aria-hidden=\"true\" class=\"td-icon flaticon-placeholder-1\"><\/i>\n                                                                            <\/div>\n                                <\/div>\n                                <h4 class=\"td-contact-box-title td-transition\">Ubicaci\u00f3n:<\/h4>\n\n                                <p>S\u00e1nchez 2043, Ciudad Auton\u00f3ma de Buenos Aires, Argentina<\/p>                            <\/div>\n                        <\/div>\n                                <\/div>\n\t\t<\/div>\n\n\t\t\t\t\t\t<\/div>\n\t\t\t\t<\/div>\n\t\t\t\t\t<\/div>\n\t\t<\/div>\n\t\t\t\t\t<\/div>\n\t\t<\/section>\n\t\t\t\t<section class=\"elementor-section elementor-top-section elementor-element elementor-element-4d9ccd18 elementor-section-stretched elementor-section-boxed elementor-section-height-default elementor-section-height-default\" data-id=\"4d9ccd18\" data-element_type=\"section\" data-e-type=\"section\" data-settings=\"{&quot;stretch_section&quot;:&quot;section-stretched&quot;}\">\n\t\t\t\t\t\t<div class=\"elementor-container elementor-column-gap-default\">\n\t\t\t\t\t<div class=\"elementor-column elementor-col-50 elementor-top-column elementor-element elementor-element-7781a716\" data-id=\"7781a716\" data-element_type=\"column\" data-e-type=\"column\">\n\t\t\t<div class=\"elementor-widget-wrap elementor-element-populated\">\n\t\t\t\t\t\t<div class=\"elementor-element elementor-element-42840b92 elementor-widget elementor-widget-themedraft_contact_form_seven_layout_one\" data-id=\"42840b92\" data-element_type=\"widget\" data-e-type=\"widget\" data-widget_type=\"themedraft_contact_form_seven_layout_one.default\">\n\t\t\t\t<div class=\"elementor-widget-container\">\n\t\t\t\t\t        <div class=\"td-cf7-contact-form\">\n            <div class=\"td-contact-form-container\">\n                <div class=\"td-form-icon\">\n\t\t\t\t\t                <\/div>\n                <div class=\"td-section-title-wrapper\">\n                    <div class=\"td-section-title-content\">\n\n\t\t\t\t\t\t                            <div class=\"td-section-subtitle td-primary-color\">\n\t\t\t\t\t\t\t\t- P\u00f3ngase en contacto -                            <\/div>\n\t\t\t\t\t\t\n\t\t\t\t\t\t                            <div class=\"td-section-title\">\n\t\t\t\t\t\t\t\t<h2>Env\u00ede su mensaje:<\/h2>                            <\/div>\n\t\t\t\t\t\t                    <\/div>\n                <\/div>\n\n\t\t\t\t                    <div class=\"themedraft-contact-form-container\">\n\t\t\t\t\t\t\n<div class=\"wpcf7 no-js\" id=\"wpcf7-f716-o1\" lang=\"en-US\" dir=\"ltr\" data-wpcf7-id=\"716\">\n<div class=\"screen-reader-response\"><p role=\"status\" aria-live=\"polite\" aria-atomic=\"true\"><\/p> <ul><\/ul><\/div>\n<form action=\"\/es\/wp-json\/wp\/v2\/pages\/622#wpcf7-f716-o1\" method=\"post\" class=\"wpcf7-form init\" aria-label=\"Contact form\" novalidate=\"novalidate\" data-status=\"init\" data-trp-original-action=\"\/es\/wp-json\/wp\/v2\/pages\/622#wpcf7-f716-o1\">\n<fieldset class=\"hidden-fields-container\"><input type=\"hidden\" name=\"_wpcf7\" value=\"716\" \/><input type=\"hidden\" name=\"_wpcf7_version\" value=\"6.1.5\" \/><input type=\"hidden\" name=\"_wpcf7_locale\" value=\"en_US\" \/><input type=\"hidden\" name=\"_wpcf7_unit_tag\" value=\"wpcf7-f716-o1\" \/><input type=\"hidden\" name=\"_wpcf7_container_post\" value=\"0\" \/><input type=\"hidden\" name=\"_wpcf7_posted_data_hash\" value=\"\" \/>\n<\/fieldset>\n<div class=\"wpcf7-turnstile cf-turnstile\" data-sitekey=\"0x4AAAAAAB6-bkEosBB4mS_W\" data-response-field-name=\"_wpcf7_turnstile_response\"><\/div>\n\n<div class=\"row\">\n\t<div class=\"col-lg-6 col-md-6\">\n\t\t<div class=\"td-form-control-wrapper\">\n\t\t\t<p><span class=\"wpcf7-form-control-wrap\" data-name=\"sender_name\"><input size=\"40\" maxlength=\"400\" class=\"wpcf7-form-control wpcf7-text wpcf7-validates-as-required\" aria-required=\"true\" aria-invalid=\"false\" placeholder=\"Nombre*\" value=\"\" type=\"text\" name=\"sender_name\" \/><\/span>\n\t\t\t<\/p>\n\t\t<\/div>\n\t<\/div>\n\t<div class=\"col-lg-6 col-md-6\">\n\t\t<div class=\"td-form-control-wrapper\">\n\t\t\t<p><span class=\"wpcf7-form-control-wrap\" data-name=\"sender_mail\"><input size=\"40\" maxlength=\"400\" class=\"wpcf7-form-control wpcf7-email wpcf7-validates-as-required wpcf7-text wpcf7-validates-as-email\" aria-required=\"true\" aria-invalid=\"false\" placeholder=\"Email*\" value=\"\" type=\"email\" name=\"sender_mail\" \/><\/span>\n\t\t\t<\/p>\n\t\t<\/div>\n\t<\/div>\n\t<div class=\"col-lg-6 col-md-6\">\n\t\t<div class=\"td-form-control-wrapper\">\n\t\t\t<p><span class=\"wpcf7-form-control-wrap\" data-name=\"company\"><input size=\"40\" maxlength=\"400\" class=\"wpcf7-form-control wpcf7-text\" aria-invalid=\"false\" placeholder=\"Compa\u00f1\u00eda*\" value=\"\" type=\"text\" name=\"company\" \/><\/span>\n\t\t\t<\/p>\n\t\t<\/div>\n\t<\/div>\n\t<div class=\"col-lg-6 col-md-6\">\n\t\t<div class=\"td-form-control-wrapper\">\n\t\t\t<p><span class=\"wpcf7-form-control-wrap\" data-name=\"country\"><input size=\"40\" class=\"wpcf7-form-control wpcf7-countrytext wpcf7-text wpcf7-validates-as-countrytext\" aria-invalid=\"false\" placeholder=\"Country\" value=\"\" type=\"text\" name=\"country\" \/><\/span>\n\t\t\t<\/p>\n\t\t<\/div>\n\t<\/div>\n\t<div class=\"col-12\">\n\t\t<div class=\"td-form-control-wrapper\">\n\t\t\t<p><span class=\"wpcf7-form-control-wrap\" data-name=\"sender_message\"><textarea cols=\"40\" rows=\"10\" maxlength=\"2000\" class=\"wpcf7-form-control wpcf7-textarea wpcf7-validates-as-required\" aria-required=\"true\" aria-invalid=\"false\" placeholder=\"Mensaje\" name=\"sender_message\"><\/textarea><\/span>\n\t\t\t<\/p>\n\t\t<\/div>\n\t<\/div>\n\t<div class=\"col-12\">\n\t\t<div class=\"td-form-control-wrapper check\">\n\t\t\t<p><span class=\"wpcf7-form-control-wrap\" data-name=\"marketing\"><span class=\"wpcf7-form-control wpcf7-acceptance optional\"><span class=\"wpcf7-list-item\"><label><input type=\"checkbox\" name=\"marketing\" value=\"1\" aria-invalid=\"false\" \/><span class=\"wpcf7-list-item-label\">Acepto recibir comunicaciones de marketing (por ejemplo, sobre novedades y eventos) de Amarin Technologies S.A.U. Puede encontrar m\u00e1s informaci\u00f3n sobre c\u00f3mo tratamos sus datos en nuestra Pol\u00edtica de Privacidad.<\/span><\/label><\/span><\/span><\/span>\n\t\t\t<\/p>\n\t\t<\/div>\n\t<\/div>\n\t<div class=\"col-12\">\n\t\t<div class=\"td-form-control-wrapper check\">\n\t\t\t<p><span class=\"wpcf7-form-control-wrap\" data-name=\"personal-data\"><span class=\"wpcf7-form-control wpcf7-acceptance\"><span class=\"wpcf7-list-item\"><label><input type=\"checkbox\" name=\"personal-data\" value=\"1\" aria-invalid=\"false\" \/><span class=\"wpcf7-list-item-label\">Acepto que Amarin Technologies S.A.U. almacene y procese mis datos personales. Puede encontrar m\u00e1s informaci\u00f3n sobre c\u00f3mo tratamos sus datos en nuestra Pol\u00edtica de Privacidad.<\/span><\/label><\/span><\/span><\/span>\n\t\t\t<\/p>\n\t\t<\/div>\n\t<\/div>\n\t<div class=\"col-lg-6 col-md-6\">\n\t\t<p><button class=\"td-button\" type=\"submit\">Enviar<i class=\"fas fa-angle-double-right\"><\/i><\/button>\n\t\t<\/p>\n\t<\/div>\n<\/div><p style=\"display: none !important;\" class=\"akismet-fields-container\" data-prefix=\"_wpcf7_ak_\"><label>&#916;<textarea name=\"_wpcf7_ak_hp_textarea\" cols=\"45\" rows=\"8\" maxlength=\"100\"><\/textarea><\/label><input type=\"hidden\" id=\"ak_js_1\" name=\"_wpcf7_ak_js\" value=\"52\"\/><script>document.getElementById( \"ak_js_1\" ).setAttribute( \"value\", ( new Date() ).getTime() );<\/script><\/p><div class=\"wpcf7-response-output\" aria-hidden=\"true\"><\/div>\n<input type=\"hidden\" name=\"trp-form-language\" value=\"es\"\/><\/form>\n<\/div>\n                    <\/div>\n\t\t\t\t            <\/div>\n        <\/div>\n\t\t\t\t\t\t<\/div>\n\t\t\t\t<\/div>\n\t\t\t\t\t<\/div>\n\t\t<\/div>\n\t\t\t\t<div class=\"elementor-column elementor-col-50 elementor-top-column elementor-element elementor-element-4f29e058\" data-id=\"4f29e058\" data-element_type=\"column\" data-e-type=\"column\">\n\t\t\t<div class=\"elementor-widget-wrap elementor-element-populated\">\n\t\t\t\t\t\t<div class=\"elementor-element elementor-element-520b580c elementor-widget elementor-widget-google_maps\" data-id=\"520b580c\" data-element_type=\"widget\" data-e-type=\"widget\" data-widget_type=\"google_maps.default\">\n\t\t\t\t\t\t\t<div class=\"elementor-custom-embed\">\n\t\t\t<iframe loading=\"lazy\"\n\t\t\t\t\tsrc=\"https:\/\/maps.google.com\/maps?q=AMARIN%20TECHNOLOGIES%20-%20Development%2C%20licensing%20and%20manufacturing%20of%20transdermal%20and%20topical%20products.&#038;t=m&#038;z=14&#038;output=embed&#038;iwloc=near\"\n\t\t\t\t\ttitle=\"AMARIN TECHNOLOGIES - Development, licensing and manufacturing of transdermal and topical products.\"\n\t\t\t\t\taria-label=\"AMARIN TECHNOLOGIES - Development, licensing and manufacturing of transdermal and topical products.\"\n\t\t\t><\/iframe>\n\t\t<\/div>\n\t\t\t\t\t\t<\/div>\n\t\t\t\t\t<\/div>\n\t\t<\/div>\n\t\t\t\t\t<\/div>\n\t\t<\/section>\n\t\t\t\t<\/div>","protected":false},"excerpt":{"rendered":"<p>Contact info: info@amarintech.com.ar Location: S\u00e1nchez 2043, Ciudad Auton\u00f3ma de Buenos Aires, Argentina &#8211; Get In Touch &#8211; Send An Email: I agree to receive Marketing communications (e.g. about news and events) from Amarin Technologies S.A.U. Please find more information about how we handle your data within our Privacy Policy. I agree to allow Amarin Technologies [&hellip;]<\/p>\n","protected":false},"author":1,"featured_media":0,"parent":0,"menu_order":0,"comment_status":"closed","ping_status":"closed","template":"","meta":{"footnotes":""},"class_list":["post-622","page","type-page","status-publish","hentry"],"_links":{"self":[{"href":"https:\/\/amarintech.com\/es\/wp-json\/wp\/v2\/pages\/622","targetHints":{"allow":["GET"]}}],"collection":[{"href":"https:\/\/amarintech.com\/es\/wp-json\/wp\/v2\/pages"}],"about":[{"href":"https:\/\/amarintech.com\/es\/wp-json\/wp\/v2\/types\/page"}],"author":[{"embeddable":true,"href":"https:\/\/amarintech.com\/es\/wp-json\/wp\/v2\/users\/1"}],"replies":[{"embeddable":true,"href":"https:\/\/amarintech.com\/es\/wp-json\/wp\/v2\/comments?post=622"}],"version-history":[{"count":10,"href":"https:\/\/amarintech.com\/es\/wp-json\/wp\/v2\/pages\/622\/revisions"}],"predecessor-version":[{"id":11158,"href":"https:\/\/amarintech.com\/es\/wp-json\/wp\/v2\/pages\/622\/revisions\/11158"}],"wp:attachment":[{"href":"https:\/\/amarintech.com\/es\/wp-json\/wp\/v2\/media?parent=622"}],"curies":[{"name":"wp","href":"https:\/\/api.w.org\/{rel}","templated":true}]}}